{"id":30,"date":"2013-09-08T21:14:05","date_gmt":"2013-09-08T21:14:05","guid":{"rendered":"http:\/\/premi-plast.de\/?page_id=30"},"modified":"2025-03-30T19:43:50","modified_gmt":"2025-03-30T19:43:50","slug":"impressum","status":"publish","type":"page","link":"https:\/\/premi-plast.de\/?page_id=30","title":{"rendered":"Impressum"},"content":{"rendered":"<p><em>Achtung: Adress\u00e4nderung!<\/em><\/p>\n<p>Zentrale:<\/p>\n<p><strong>PREMI-PLAST UG Verpackungen (haftungsbeschr\u00e4nkt)<\/strong><\/p>\n<p>H\u00f6henstra\u00dfe 30<\/p>\n<p>73529 Schw\u00e4bisch Gm\u00fcnd<\/p>\n<p>Tel.\u00a0 +491726009586<\/p>\n<p><a href=\"mailto:info@premi-plast.com\">info@premi-plast.com<\/a><\/p>\n<p>www.premi-plast.com<\/p>\n<p>St.-Nr. 3088\/20512<br \/>\nUSt-IdNr.: DE304151606<br \/>\nAmtsgericht Ulm HRB 732847<\/p>\n<p>Unternehmenssitz: 73529 Schw\u00e4bisch Gm\u00fcnd, H\u00f6henstra\u00dfe 30<\/p>\n<p>Gesch\u00e4ftsf\u00fchrer: Antje Schubert<\/p>\n","protected":false},"excerpt":{"rendered":"<p>Achtung: Adress\u00e4nderung! Zentrale: PREMI-PLAST UG Verpackungen (haftungsbeschr\u00e4nkt) H\u00f6henstra\u00dfe 30 73529 Schw\u00e4bisch Gm\u00fcnd Tel.\u00a0 +491726009586 info@premi-plast.com www.premi-plast.com St.-Nr. 3088\/20512 USt-IdNr.: DE304151606&hellip; <a class=\"read-more\" href=\"https:\/\/premi-plast.de\/?page_id=30\">Weiterlesen <span class=\"screen-reader-text\">Impressum<\/span><\/a><\/p>\n","protected":false},"author":1,"featured_media":0,"parent":0,"menu_order":0,"comment_status":"closed","ping_status":"closed","template":"","meta":[],"_links":{"self":[{"href":"https:\/\/premi-plast.de\/index.php?rest_route=\/wp\/v2\/pages\/30"}],"collection":[{"href":"https:\/\/premi-plast.de\/index.php?rest_route=\/wp\/v2\/pages"}],"about":[{"href":"https:\/\/premi-plast.de\/index.php?rest_route=\/wp\/v2\/types\/page"}],"author":[{"embeddable":true,"href":"https:\/\/premi-plast.de\/index.php?rest_route=\/wp\/v2\/users\/1"}],"replies":[{"embeddable":true,"href":"https:\/\/premi-plast.de\/index.php?rest_route=%2Fwp%2Fv2%2Fcomments&post=30"}],"version-history":[{"count":18,"href":"https:\/\/premi-plast.de\/index.php?rest_route=\/wp\/v2\/pages\/30\/revisions"}],"predecessor-version":[{"id":295,"href":"https:\/\/premi-plast.de\/index.php?rest_route=\/wp\/v2\/pages\/30\/revisions\/295"}],"wp:attachment":[{"href":"https:\/\/premi-plast.de\/index.php?rest_route=%2Fwp%2Fv2%2Fmedia&parent=30"}],"curies":[{"name":"wp","href":"https:\/\/api.w.org\/{rel}","templated":true}]}}